{"id":16965,"date":"2018-08-23T08:08:57","date_gmt":"2018-08-23T06:08:57","guid":{"rendered":"https:\/\/qmes.eu\/privacybeleid\/"},"modified":"2026-03-05T16:45:50","modified_gmt":"2026-03-05T14:45:50","slug":"datenschutzrichtlinie","status":"publish","type":"page","link":"https:\/\/qmes.eu\/de\/datenschutzrichtlinie\/","title":{"rendered":"Datenschutzrichtlinie"},"content":{"rendered":"<div class=\"fusion-fullwidth fullwidth-box fusion-builder-row-1 fusion-flex-container nonhundred-percent-fullwidth non-hundred-percent-height-scrolling\" style=\"--awb-border-radius-top-left:0px;--awb-border-radius-top-right:0px;--awb-border-radius-bottom-right:0px;--awb-border-radius-bottom-left:0px;--awb-flex-wrap:wrap;\" ><div class=\"fusion-builder-row fusion-row fusion-flex-align-items-flex-start fusion-flex-content-wrap\" style=\"max-width:1372.8px;margin-left: calc(-4% \/ 2 );margin-right: calc(-4% \/ 2 );\"><div class=\"fusion-layout-column fusion_builder_column fusion-builder-column-0 fusion_builder_column_1_1 1_1 fusion-flex-column\" style=\"--awb-bg-size:cover;--awb-width-large:100%;--awb-margin-top-large:0px;--awb-spacing-right-large:1.92%;--awb-margin-bottom-large:0px;--awb-spacing-left-large:1.92%;--awb-width-medium:100%;--awb-spacing-right-medium:1.92%;--awb-spacing-left-medium:1.92%;--awb-width-small:100%;--awb-spacing-right-small:1.92%;--awb-spacing-left-small:1.92%;\"><div class=\"fusion-column-wrapper fusion-flex-justify-content-flex-start fusion-content-layout-column\"><div class=\"fusion-text fusion-text-1\"><p><strong>Wer wir sind<\/strong><\/p>\n<p>Unsere Website-Adresse lautet: https:\/\/www.qmes.eu<\/p>\n<p><strong>Datenschutzerkl\u00e4rung<\/strong><\/p>\n<p>Durch die Nutzung unserer Website erkl\u00e4ren Sie sich mit der Verwendung Ihrer Daten gem\u00e4\u00df dieser Datenschutzerkl\u00e4rung einverstanden. Diese Datenschutzerkl\u00e4rung kann sich \u00e4ndern. Wir empfehlen Ihnen daher, diese Erkl\u00e4rung regelm\u00e4\u00dfig zu lesen, um \u00fcber etwaige \u00c4nderungen informiert zu sein. Wir verarbeiten personenbezogene Daten stets und ausschlie\u00dflich im Einklang mit der Datenschutz-Grundverordnung (DSGVO) und dem franz\u00f6sischen Datenschutzgesetz vom 8. Dezember 1992.<\/p>\n<p><strong>Datenschutz<\/strong><\/p>\n<p>QM Environmental International respektiert die Privatsph\u00e4re aller Website-Besucher. Die Daten, die Sie auf dieser Website hinterlassen, werden daher sorgf\u00e4ltig und vertraulich behandelt. Wir verwenden ausschlie\u00dflich Daten, die von Besuchern unserer Website und\/oder Informationsanfragen ausdr\u00fccklich und freiwillig angegeben werden. Der Datenaustausch auf der Website ist zudem mit einem SSL-Zertifikat verschl\u00fcsselt.<br \/>\nWenn Sie in unserem Webshop etwas bestellen, ben\u00f6tigen wir Ihre Daten, um Ihre Bestellung ausliefern zu k\u00f6nnen. Wir behandeln Ihre personenbezogenen Daten jedoch stets mit Sorgfalt. Wir sch\u00fctzen und bewahren sie sicher auf. Wir informieren Sie hier gerne dar\u00fcber, wie wir Ihre personenbezogenen Daten verarbeiten und warum wir diese ben\u00f6tigen. Sollten Sie nach dem Lesen unserer Datenschutzrichtlinie noch Fragen haben, wenden Sie sich bitte an unseren Kundenservice.<\/p>\n<p>Diese Datenschutzrichtlinie kann sich im Zuge neuer Entwicklungen \u00e4ndern. Die jeweils aktuelle Version finden Sie unter www.qmes.eu. Wir empfehlen Ihnen, diese Datenschutzrichtlinie regelm\u00e4\u00dfig einzusehen, um \u00fcber \u00c4nderungen informiert zu sein. Das Datum der letzten \u00c4nderung finden Sie hier.<\/p>\n<p>Diese Datenschutzrichtlinie wurde zuletzt am 28. Februar 2025 aktualisiert.<\/p>\n<p><strong>Wer ist f\u00fcr die Verarbeitung meiner personenbezogenen Daten verantwortlich?<\/strong><\/p>\n<p>QM Environmental International B.V. (\u201eqmes.eu\u201c), Henricuskade 123A, 2497 NB Den Haag, Niederlande, ist der Verantwortliche f\u00fcr die Datenverarbeitung gem\u00e4\u00df dieser Datenschutzrichtlinie.<\/p>\n<p><strong>Wann gilt diese Datenschutzrichtlinie?<\/strong><\/p>\n<p>Diese Datenschutzerkl\u00e4rung gilt f\u00fcr alle personenbezogenen Daten, die unsere Website qmes.eu von allen Personen verarbeitet, die mit qmes.eu in Kontakt getreten sind, wie z. B. Besucher, Kunden und Gesch\u00e4ftspartner, auf allen mit qmes.eu verbundenen Domains.<\/p>\n<p><strong>Was sind personenbezogene Daten?<\/strong><\/p>\n<p>Personenbezogene Daten sind alle Daten, die auf Sie als Person zur\u00fcckgef\u00fchrt werden k\u00f6nnen. Denken Sie beispielsweise an Ihren Namen, Ihre Telefonnummer, Ihre Adresse oder Ihre E-Mail-Adresse. Aber auch Daten wie Ihre IP-Adresse oder Ihre qmes.eu-Kundennummer sind personenbezogene Daten. Ebenso wie andere Daten, die Sie eindeutig identifizieren, beispielsweise Ihre Bestellhistorie bei qmes.eu oder Ihr Surfverhalten.<\/p>\n<p><strong>Von wem verarbeiten wir personenbezogene Daten und wie erhalten wir diese Daten?<\/strong><\/p>\n<p>Wir verarbeiten die personenbezogenen Daten aller Personen, die direkten Kontakt mit qmes.eu hatten oder haben, wie z. B. (Gesch\u00e4fts-)Kunden und Ansprechpartner von Partnern.<br \/>\nWir erhalten die Daten direkt von Ihnen, wenn Sie unsere Website besuchen, das Kontaktformular ausf\u00fcllen und absenden, sich f\u00fcr den Newsletter anmelden oder ein Konto im Webshop erstellen.<\/p>\n<p><strong>Welche Daten verarbeiten wir von Ihnen, wof\u00fcr nutzen wir sie und wie lange werden sie gespeichert?<\/strong><br \/>\n<strong>Daten zur Bearbeitung Ihrer Informationsanfrage \u00fcber unser Kontaktformular<\/strong><\/p>\n<p>Wenn Sie uns \u00fcber unser Kontaktformular eine Nachricht senden, ben\u00f6tigen wir bestimmte Informationen von Ihnen, wie z. B. Ihren Namen, Ihre E-Mail-Adresse und Ihre Telefonnummer, um Sie kontaktieren zu k\u00f6nnen. Diese Daten werden so lange gespeichert, wie es f\u00fcr die Bereitstellung vollst\u00e4ndiger Informationen erforderlich ist. Sie werden sechs Monate nach dem letzten Kontakt zwischen uns aus unseren Systemen gel\u00f6scht.<\/p>\n<p><strong>Daten zur Bearbeitung Ihrer Newsletter-Anmeldung<\/strong><\/p>\n<p>Wenn Sie sich f\u00fcr den Newsletter anmelden, geben Sie dazu Ihre E-Mail-Adresse an. Diese Adresse wird in unserem System gespeichert, solange Sie unseren Newsletter abonniert haben. Sobald Sie den Newsletter abbestellen, wird Ihre E-Mail-Adresse gel\u00f6scht.<\/p>\n<p><strong>Daten zur Bearbeitung Ihrer Bestellung<\/strong><\/p>\n<p>Wenn Sie etwas bestellen, ben\u00f6tigen wir bestimmte Informationen von Ihnen, um Ihre Bestellung ausliefern und Sie \u00fcber den Status Ihrer Bestellung informieren zu k\u00f6nnen. Diese Daten werden auch f\u00fcr eventuelle R\u00fccksendungen oder Umtausch ben\u00f6tigt.<\/p>\n<p>Zu diesem Zweck erfassen wir Ihren Namen, Ihre E-Mail-Adresse, Ihre Lieferadresse(n) und Ihre Telefonnummer.<\/p>\n<p>Diese Daten ben\u00f6tigen wir zur Erf\u00fcllung des mit uns (oder einem unserer Vertriebspartner) geschlossenen Vertrags.<\/p>\n<p>Daten zur Bearbeitung einer Bestellung von einer anderen Person, bei der Ihre Adresse als Lieferadresse angegeben ist:<\/p>\n<p>Wenn jemand direkt bei Ihnen bestellt, erhalten wir Ihren Namen und Ihre Adressdaten von dieser Person. qmes.eu ben\u00f6tigt diese Daten, um die Bestellung ausliefern zu k\u00f6nnen.<\/p>\n<p><strong>Daten in Ihrem Konto:<\/strong><\/p>\n<p>Wir speichern folgende Daten in Ihrem pers\u00f6nlichen Konto: Ihren Vor- und Nachnamen, Ihre (Liefer-\/Standort-\/Rechnungs-)Adresse(n), Ihre Telefonnummer, Ihre E-Mail-Adresse, Ihre Kundennummer, Bestellungen, Downloads und Rechnungen.<br \/>\nWir m\u00f6chten Ihnen das Leben erleichtern und angenehmer gestalten. Deshalb speichern wir Ihre Daten in Ihrem Konto, solange Sie aktiver Kunde bei uns sind. Wenn Sie sich sieben Jahre lang nicht bei uns angemeldet haben, l\u00f6schen wir alle Ihre Daten. Sie k\u00f6nnen au\u00dferdem jederzeit die L\u00f6schung Ihrer Daten in Ihrem Konto beantragen.<\/p>\n<p><strong>Informationen a<\/strong><\/p>\n<p><strong>Informationen zu Ihrem Kundenservice<\/strong><\/p>\n<p>Sie erreichen unseren Kundenservice w\u00e4hrend unserer Gesch\u00e4ftszeiten telefonisch oder per E-Mail.<br \/>\nWir nutzen die in Ihrem Konto gespeicherten Informationen, um Ihre Fragen oder Beschwerden zu beantworten. Durch das Speichern Ihrer Daten k\u00f6nnen wir Ihnen beim n\u00e4chsten Mal schneller helfen. Daher speichern wir die Daten zu Ihrer Kontaktaufnahme mit uns und unseren Vertriebspartnern, solange Sie aktiver Kunde bei uns sind.<\/p>\n<p><strong>Daten f\u00fcr ein optimales Einkaufserlebnis<\/strong><\/p>\n<p>Wir sorgen daf\u00fcr, dass unsere Website einwandfrei funktioniert, damit Sie optimal einkaufen k\u00f6nnen.<\/p>\n<p><strong>Soziale Medien<\/strong><\/p>\n<p>Wenn Sie soziale Medien wie Facebook, Twitter oder Pinterest nutzen, k\u00f6nnen Sie die \u201eGef\u00e4llt mir\u201c- und \u201eTeilen\u201c-Buttons im Webshop auf qmes.eu verwenden, um interessante oder n\u00fctzliche Artikel mit Ihren Freunden zu teilen. qmes.eu hat keinen Zugriff auf Ihr Social-Media-Konto. Wir empfehlen Ihnen, die Datenschutzrichtlinien der jeweiligen sozialen Netzwerke, in denen Sie ein Konto haben, sorgf\u00e4ltig zu lesen, um zu erfahren, wie Ihre Daten verwendet werden und wie Sie Ihre Einstellungen anpassen k\u00f6nnen. Sie k\u00f6nnen den Link zur Produktseite auch \u00fcber Ihr E-Mail-Programm versenden.<\/p>\n<p><strong>Vertriebs- und Logistikpartner<\/strong><\/p>\n<p>F\u00fcr die Zustellung Ihrer Bestellung(en) arbeiten wir mit verschiedenen Logistikpartnern wie PostNL und GLS zusammen. Unsere Logistikpartner erhalten Ihre Kontaktdaten sowie Ihre Liefer- und Rechnungsadresse. Sie ben\u00f6tigen diese Informationen, um Ihr Paket an die von Ihnen gew\u00e4hlte Adresse zuzustellen, Sie per E-Mail, SMS oder App \u00fcber die Lieferzeit zu informieren und Ihnen die M\u00f6glichkeit zu geben, zus\u00e4tzliche Services dieser Logistikpartner zu nutzen (z. B. eine abweichende Lieferadresse). Der Logistikpartner ist als eigenst\u00e4ndiger Verantwortlicher an der Umsetzung des Vertrags mit Ihnen beteiligt. Weitere Informationen zur Verwendung Ihrer Daten durch den jeweiligen Logistikdienstleister finden Sie in dessen Datenschutzerkl\u00e4rung auf der Website des Zustelldienstes.<\/p>\n<p><strong>Beh\u00f6rden<\/strong><\/p>\n<p>Manchmal m\u00fcssen wir personenbezogene Daten an Beh\u00f6rden weitergeben. Dies kann beispielsweise der Fall sein, wenn bestimmte staatliche Institutionen diese Informationen zur Erf\u00fcllung ihrer Aufgaben ben\u00f6tigen, wie etwa das Finanzamt oder der Zoll. Auch Polizei oder Justiz k\u00f6nnen im Falle von Betrug oder Missbrauch bestimmte Daten ben\u00f6tigen. Schlie\u00dflich k\u00f6nnen bestimmte Aufsichtsbeh\u00f6rden im Rahmen von Ermittlungen Zugriff auf personenbezogene Daten erhalten.<\/p>\n<p><strong>Wo speichern wir Ihre Daten?<\/strong><\/p>\n<p>Wir speichern Ihre Daten innerhalb des Europ\u00e4ischen Wirtschaftsraums (EWR). Bestimmte von uns erhobene Daten k\u00f6nnen jedoch an einen Ort au\u00dferhalb des EWR \u00fcbertragen oder dort gespeichert werden, beispielsweise weil einer unserer Drittanbieter seinen Sitz dort hat. In diesem Fall stellen wir sicher, dass dies sicher und rechtm\u00e4\u00dfig geschieht. qmes.eu ergreift in solchen F\u00e4llen geeignete Ma\u00dfnahmen, um Ihre Daten bestm\u00f6glich zu sch\u00fctzen, beispielsweise durch die Vereinbarung von Standarddatenschutzklauseln mit den Empf\u00e4ngern der von der Europ\u00e4ischen Kommission festgelegten Standarddatenschutzklauseln. Bei Fragen hierzu k\u00f6nnen Sie sich an unseren Datenschutzbeauftragten wenden. Sie erreichen ihn per E-Mail unter info@qmes.nl.<\/p>\n<p><strong>Welche Rechte haben Sie in Bezug auf Ihre Daten?<\/strong><br \/>\n<strong>Auskunftsrecht<\/strong><\/p>\n<p>Sie haben das Recht auf eine verst\u00e4ndliche und transparente Erkl\u00e4rung dar\u00fcber, wie wir Ihre personenbezogenen Daten verarbeiten und welche Rechte Sie diesbez\u00fcglich aus\u00fcben k\u00f6nnen. In dieser Datenschutzerkl\u00e4rung erl\u00e4utern wir daher detailliert, welche Daten wir von Ihnen erheben und wie wir Ihre Daten verarbeiten.<\/p>\n<p><strong>Auskunftsrecht<\/strong><\/p>\n<p>Sie haben jederzeit das Recht, Auskunft \u00fcber die bei uns gespeicherten Informationen zu Ihrer Person zu verlangen. Senden Sie hierzu bitte eine E-Mail an info@qmes.nl. Wir bearbeiten Ihre Anfrage innerhalb von maximal 30 Tagen.<\/p>\n<p><strong>Recht auf Berichtigung<\/strong><\/p>\n<p>Sie haben das Recht, Ihre personenbezogenen Daten berichtigen zu lassen, wenn diese unrichtig oder veraltet sind, und\/oder sie vervollst\u00e4ndigen zu lassen, wenn sie unvollst\u00e4ndig sind. Dies k\u00f6nnen Sie rund um die Uhr in Ihrem Konto tun.<\/p>\n<p><strong>Beschwerderecht<\/strong><\/p>\n<p>Sie haben das Recht, sich \u00fcber die Art und Weise der Verarbeitung Ihrer Daten durch uns zu beschweren. Wir bevorzugen es, Ihre Beschwerde direkt mit Ihnen zu kl\u00e4ren. Bitte wenden Sie sich hierzu an unseren Kundenservice. Sie haben aber auch das Recht, sich mit Ihrer Beschwerde an unseren Datenschutzbeauftragten zu wenden. Senden Sie hierzu eine E-Mail an info@qmes.nl. Schlie\u00dflich haben Sie das Recht, Ihre Beschwerde auch bei der niederl\u00e4ndischen Datenschutzbeh\u00f6rde einzureichen.<\/p>\n<p><strong>Fragen?<\/strong><\/p>\n<p>Bei Fragen zur Verarbeitung Ihrer personenbezogenen Daten durch QM Environmental International wenden Sie sich bitte an unseren Kundenservice. Wir helfen Ihnen gerne.<\/p>\n<p><strong>Cookie-Richtlinie<\/strong><br \/>\n<strong>Was ist ein Cookie?<\/strong><\/p>\n<p>Ein Cookie ist eine kleine Textdatei, die beim Besuch einer Website auf Ihrem Computer, Tablet oder Smartphone gespeichert wird. Die darin gespeicherten Informationen k\u00f6nnen bei einem sp\u00e4teren Besuch von der jeweiligen Website wiedererkannt werden. QM Environmental International verwendet auf qmes.eu keine Cookies.<\/p>\n<\/div><\/div><\/div><\/div><\/div>\n","protected":false},"excerpt":{"rendered":"","protected":false},"author":1,"featured_media":0,"parent":0,"menu_order":0,"comment_status":"closed","ping_status":"open","template":"","meta":{"_acf_changed":false,"footnotes":""},"class_list":["post-16965","page","type-page","status-publish","hentry"],"acf":[],"yoast_head":"<!-- This site is optimized with the Yoast SEO Premium plugin v23.5 (Yoast SEO v27.3) - https:\/\/yoast.com\/product\/yoast-seo-premium-wordpress\/ -->\n<title>Datenschutzrichtlinie - QM Environmental International<\/title>\n<meta name=\"robots\" content=\"index, follow, max-snippet:-1, max-image-preview:large, max-video-preview:-1\" \/>\n<link rel=\"canonical\" href=\"https:\/\/qmes.eu\/de\/datenschutzrichtlinie\/\" \/>\n<meta property=\"og:locale\" content=\"de_DE\" \/>\n<meta property=\"og:type\" content=\"article\" \/>\n<meta property=\"og:title\" content=\"Datenschutzrichtlinie\" \/>\n<meta property=\"og:url\" content=\"https:\/\/qmes.eu\/de\/datenschutzrichtlinie\/\" \/>\n<meta property=\"og:site_name\" content=\"QM Environmental International\" \/>\n<meta property=\"article:publisher\" content=\"https:\/\/www.facebook.com\/profile.php?id=100089514366245\" \/>\n<meta property=\"article:modified_time\" content=\"2026-03-05T14:45:50+00:00\" \/>\n<meta name=\"twitter:card\" content=\"summary_large_image\" \/>\n<meta name=\"twitter:site\" content=\"@MicroAktiv\" \/>\n<meta name=\"twitter:label1\" content=\"Gesch\u00e4tzte Lesezeit\" \/>\n\t<meta name=\"twitter:data1\" content=\"8 Minuten\" \/>\n<script type=\"application\/ld+json\" class=\"yoast-schema-graph\">{\"@context\":\"https:\\\/\\\/schema.org\",\"@graph\":[{\"@type\":\"WebPage\",\"@id\":\"https:\\\/\\\/qmes.eu\\\/de\\\/datenschutzrichtlinie\\\/\",\"url\":\"https:\\\/\\\/qmes.eu\\\/de\\\/datenschutzrichtlinie\\\/\",\"name\":\"Datenschutzrichtlinie - QM Environmental International\",\"isPartOf\":{\"@id\":\"https:\\\/\\\/qmes.eu\\\/de\\\/#website\"},\"datePublished\":\"2018-08-23T06:08:57+00:00\",\"dateModified\":\"2026-03-05T14:45:50+00:00\",\"breadcrumb\":{\"@id\":\"https:\\\/\\\/qmes.eu\\\/de\\\/datenschutzrichtlinie\\\/#breadcrumb\"},\"inLanguage\":\"de-DE\",\"potentialAction\":[{\"@type\":\"ReadAction\",\"target\":[\"https:\\\/\\\/qmes.eu\\\/de\\\/datenschutzrichtlinie\\\/\"]}]},{\"@type\":\"BreadcrumbList\",\"@id\":\"https:\\\/\\\/qmes.eu\\\/de\\\/datenschutzrichtlinie\\\/#breadcrumb\",\"itemListElement\":[{\"@type\":\"ListItem\",\"position\":1,\"name\":\"Startseite\",\"item\":\"https:\\\/\\\/qmes.eu\\\/de\\\/\"},{\"@type\":\"ListItem\",\"position\":2,\"name\":\"Datenschutzrichtlinie\"}]},{\"@type\":\"WebSite\",\"@id\":\"https:\\\/\\\/qmes.eu\\\/de\\\/#website\",\"url\":\"https:\\\/\\\/qmes.eu\\\/de\\\/\",\"name\":\"QM Environmental International\",\"description\":\"Products you can trust, Experience you can rely on!\",\"publisher\":{\"@id\":\"https:\\\/\\\/qmes.eu\\\/de\\\/#organization\"},\"potentialAction\":[{\"@type\":\"SearchAction\",\"target\":{\"@type\":\"EntryPoint\",\"urlTemplate\":\"https:\\\/\\\/qmes.eu\\\/de\\\/?s={search_term_string}\"},\"query-input\":{\"@type\":\"PropertyValueSpecification\",\"valueRequired\":true,\"valueName\":\"search_term_string\"}}],\"inLanguage\":\"de-DE\"},{\"@type\":\"Organization\",\"@id\":\"https:\\\/\\\/qmes.eu\\\/de\\\/#organization\",\"name\":\"QM Environmental International BV\",\"alternateName\":\"QM\",\"url\":\"https:\\\/\\\/qmes.eu\\\/de\\\/\",\"logo\":{\"@type\":\"ImageObject\",\"inLanguage\":\"de-DE\",\"@id\":\"https:\\\/\\\/qmes.eu\\\/de\\\/#\\\/schema\\\/logo\\\/image\\\/\",\"url\":\"https:\\\/\\\/qmes.eu\\\/wp-content\\\/uploads\\\/2024\\\/10\\\/QM_logo-2.png\",\"contentUrl\":\"https:\\\/\\\/qmes.eu\\\/wp-content\\\/uploads\\\/2024\\\/10\\\/QM_logo-2.png\",\"width\":512,\"height\":512,\"caption\":\"QM Environmental International BV\"},\"image\":{\"@id\":\"https:\\\/\\\/qmes.eu\\\/de\\\/#\\\/schema\\\/logo\\\/image\\\/\"},\"sameAs\":[\"https:\\\/\\\/www.facebook.com\\\/profile.php?id=100089514366245\",\"https:\\\/\\\/x.com\\\/MicroAktiv\",\"https:\\\/\\\/www.linkedin.com\\\/showcase\\\/microaktiv\\\/\"],\"description\":\"QM is a supplier of biotechnological solutions for environmental applications like wastewater treatment, soil and groundwater remediation, sewer network maintenance, odor control, algae control in lakes and ponds, for agricultural applications like livestock farming, greenhouse and aerable farming and aquaculture.\",\"email\":\"info@qmes.nl\",\"telephone\":\"+31 858768862\",\"legalName\":\"QM Environmental International B.V.\",\"foundingDate\":\"2005-01-05\",\"vatID\":\"NL858425877B01\",\"numberOfEmployees\":{\"@type\":\"QuantitativeValue\",\"minValue\":\"1\",\"maxValue\":\"10\"}}]}<\/script>\n<!-- \/ Yoast SEO Premium plugin. -->","yoast_head_json":{"title":"Datenschutzrichtlinie - QM Environmental International","robots":{"index":"index","follow":"follow","max-snippet":"max-snippet:-1","max-image-preview":"max-image-preview:large","max-video-preview":"max-video-preview:-1"},"canonical":"https:\/\/qmes.eu\/de\/datenschutzrichtlinie\/","og_locale":"de_DE","og_type":"article","og_title":"Datenschutzrichtlinie","og_url":"https:\/\/qmes.eu\/de\/datenschutzrichtlinie\/","og_site_name":"QM Environmental International","article_publisher":"https:\/\/www.facebook.com\/profile.php?id=100089514366245","article_modified_time":"2026-03-05T14:45:50+00:00","twitter_card":"summary_large_image","twitter_site":"@MicroAktiv","twitter_misc":{"Gesch\u00e4tzte Lesezeit":"8 Minuten"},"schema":{"@context":"https:\/\/schema.org","@graph":[{"@type":"WebPage","@id":"https:\/\/qmes.eu\/de\/datenschutzrichtlinie\/","url":"https:\/\/qmes.eu\/de\/datenschutzrichtlinie\/","name":"Datenschutzrichtlinie - QM Environmental International","isPartOf":{"@id":"https:\/\/qmes.eu\/de\/#website"},"datePublished":"2018-08-23T06:08:57+00:00","dateModified":"2026-03-05T14:45:50+00:00","breadcrumb":{"@id":"https:\/\/qmes.eu\/de\/datenschutzrichtlinie\/#breadcrumb"},"inLanguage":"de-DE","potentialAction":[{"@type":"ReadAction","target":["https:\/\/qmes.eu\/de\/datenschutzrichtlinie\/"]}]},{"@type":"BreadcrumbList","@id":"https:\/\/qmes.eu\/de\/datenschutzrichtlinie\/#breadcrumb","itemListElement":[{"@type":"ListItem","position":1,"name":"Startseite","item":"https:\/\/qmes.eu\/de\/"},{"@type":"ListItem","position":2,"name":"Datenschutzrichtlinie"}]},{"@type":"WebSite","@id":"https:\/\/qmes.eu\/de\/#website","url":"https:\/\/qmes.eu\/de\/","name":"QM Environmental International","description":"Products you can trust, Experience you can rely on!","publisher":{"@id":"https:\/\/qmes.eu\/de\/#organization"},"potentialAction":[{"@type":"SearchAction","target":{"@type":"EntryPoint","urlTemplate":"https:\/\/qmes.eu\/de\/?s={search_term_string}"},"query-input":{"@type":"PropertyValueSpecification","valueRequired":true,"valueName":"search_term_string"}}],"inLanguage":"de-DE"},{"@type":"Organization","@id":"https:\/\/qmes.eu\/de\/#organization","name":"QM Environmental International BV","alternateName":"QM","url":"https:\/\/qmes.eu\/de\/","logo":{"@type":"ImageObject","inLanguage":"de-DE","@id":"https:\/\/qmes.eu\/de\/#\/schema\/logo\/image\/","url":"https:\/\/qmes.eu\/wp-content\/uploads\/2024\/10\/QM_logo-2.png","contentUrl":"https:\/\/qmes.eu\/wp-content\/uploads\/2024\/10\/QM_logo-2.png","width":512,"height":512,"caption":"QM Environmental International BV"},"image":{"@id":"https:\/\/qmes.eu\/de\/#\/schema\/logo\/image\/"},"sameAs":["https:\/\/www.facebook.com\/profile.php?id=100089514366245","https:\/\/x.com\/MicroAktiv","https:\/\/www.linkedin.com\/showcase\/microaktiv\/"],"description":"QM is a supplier of biotechnological solutions for environmental applications like wastewater treatment, soil and groundwater remediation, sewer network maintenance, odor control, algae control in lakes and ponds, for agricultural applications like livestock farming, greenhouse and aerable farming and aquaculture.","email":"info@qmes.nl","telephone":"+31 858768862","legalName":"QM Environmental International B.V.","foundingDate":"2005-01-05","vatID":"NL858425877B01","numberOfEmployees":{"@type":"QuantitativeValue","minValue":"1","maxValue":"10"}}]}},"_links":{"self":[{"href":"https:\/\/qmes.eu\/de\/wp-json\/wp\/v2\/pages\/16965","targetHints":{"allow":["GET"]}}],"collection":[{"href":"https:\/\/qmes.eu\/de\/wp-json\/wp\/v2\/pages"}],"about":[{"href":"https:\/\/qmes.eu\/de\/wp-json\/wp\/v2\/types\/page"}],"author":[{"embeddable":true,"href":"https:\/\/qmes.eu\/de\/wp-json\/wp\/v2\/users\/1"}],"replies":[{"embeddable":true,"href":"https:\/\/qmes.eu\/de\/wp-json\/wp\/v2\/comments?post=16965"}],"version-history":[{"count":2,"href":"https:\/\/qmes.eu\/de\/wp-json\/wp\/v2\/pages\/16965\/revisions"}],"predecessor-version":[{"id":16967,"href":"https:\/\/qmes.eu\/de\/wp-json\/wp\/v2\/pages\/16965\/revisions\/16967"}],"wp:attachment":[{"href":"https:\/\/qmes.eu\/de\/wp-json\/wp\/v2\/media?parent=16965"}],"curies":[{"name":"wp","href":"https:\/\/api.w.org\/{rel}","templated":true}]}}