{"id":17134,"date":"2024-05-21T11:03:51","date_gmt":"2024-05-21T09:03:51","guid":{"rendered":"https:\/\/qmes.eu\/blog-nieuwsartikelen\/"},"modified":"2026-02-13T17:38:36","modified_gmt":"2026-02-13T15:38:36","slug":"noticias","status":"publish","type":"page","link":"https:\/\/qmes.eu\/pt-pt\/noticias\/","title":{"rendered":"Not\u00edcias"},"content":{"rendered":"<div class=\"fusion-fullwidth fullwidth-box fusion-builder-row-1 fusion-flex-container has-pattern-background has-mask-background nonhundred-percent-fullwidth non-hundred-percent-height-scrolling\" style=\"--awb-border-radius-top-left:0px;--awb-border-radius-top-right:0px;--awb-border-radius-bottom-right:0px;--awb-border-radius-bottom-left:0px;--awb-padding-top:75px;--awb-flex-wrap:wrap;\" ><div class=\"fusion-builder-row fusion-row fusion-flex-align-items-flex-start fusion-flex-content-wrap\" style=\"max-width:1372.8px;margin-left: calc(-4% \/ 2 );margin-right: calc(-4% \/ 2 );\"><div class=\"fusion-layout-column fusion_builder_column fusion-builder-column-0 fusion_builder_column_1_1 1_1 fusion-flex-column\" style=\"--awb-bg-size:cover;--awb-width-large:100%;--awb-margin-top-large:0px;--awb-spacing-right-large:1.92%;--awb-margin-bottom-large:0px;--awb-spacing-left-large:1.92%;--awb-width-medium:100%;--awb-order-medium:0;--awb-spacing-right-medium:1.92%;--awb-spacing-left-medium:1.92%;--awb-width-small:100%;--awb-order-small:0;--awb-spacing-right-small:1.92%;--awb-spacing-left-small:1.92%;\"><div class=\"fusion-column-wrapper fusion-column-has-shadow fusion-flex-justify-content-center fusion-content-layout-column\"><div class=\"fusion-separator fusion-full-width-sep\" style=\"align-self: center;margin-left: auto;margin-right: auto;width:100%;\"><\/div><div class=\"fusion-text fusion-text-1\" style=\"--awb-font-size:18px;--awb-line-height:var(--awb-typography4-line-height);--awb-letter-spacing:var(--awb-typography4-letter-spacing);--awb-text-transform:none;--awb-text-font-family:var(--awb-typography4-font-family);--awb-text-font-weight:var(--awb-typography4-font-weight);--awb-text-font-style:var(--awb-typography4-font-style);\"><p>Leia as nossas not\u00edcias sobre a QM e os seus produtos e como podem ajudar no tratamento de \u00e1guas residuais, remedia\u00e7\u00e3o de solos, tratamento de \u00e1guas superficiais, limpeza de esgotos, desodoriza\u00e7\u00e3o e limpeza de superf\u00edcies.<\/p>\n<\/div><div class=\"fusion-separator\" style=\"align-self: flex-start;margin-right:auto;width:100%;max-width:750px;\"><div class=\"fusion-separator-border sep-single sep-solid\" style=\"--awb-height:20px;--awb-amount:20px;--awb-sep-color:var(--awb-color5);border-color:var(--awb-color5);border-top-width:5px;\"><\/div><\/div><div class=\"fusion-title title fusion-title-1 fusion-sep-none fusion-title-text fusion-title-size-one\" style=\"--awb-margin-top-small:15px;--awb-margin-right-small:0px;--awb-margin-bottom-small:2px;--awb-margin-left-small:0px;\"><h1 class=\"fusion-title-heading title-heading-left fusion-responsive-typography-calculated\" style=\"margin:0;--fontSize:50;line-height:1.2;\">Blogs e artigos de not\u00edcias<\/h1><\/div><div class=\"fusion-blog-shortcode fusion-blog-shortcode-1 fusion-blog-archive fusion-blog-layout-medium fusion-blog-pagination\"><div class=\"fusion-posts-container fusion-posts-container-pagination\" data-pages=\"1\"><article id=\"blog-1-post-17598\" class=\"fusion-post-medium post-17598 post type-post status-publish format-standard has-post-thumbnail hentry category-limpeza-de-esgotos category-tratamento-de-aguas-residuais\">\n\t<style type=\"text\/css\">\n\t\t\n\t\t\n\t\t\n\t\t\n\t\t\t<\/style>\n\n\n\t\t\t<div class=\"fusion-flexslider flexslider fusion-flexslider-loading fusion-post-slideshow\" style=\"\">\n\t\t<ul class=\"slides\">\n\t\t\t\n\t\t\t\t\t\t\t\t\t\t\t\t\t\t<li><div  class=\"fusion-image-wrapper fusion-image-size-fixed\" aria-haspopup=\"true\">\n\t\t\t\t\t\t\t<a href=\"https:\/\/qmes.eu\/pt-pt\/qm-environmental-international-na-tecma-2026\/\" aria-label=\"QM Environmental International na Tecma 2026\">\n\t\t\t\t\t\t\t<img decoding=\"async\" width=\"320\" height=\"202\" src=\"data:image\/svg+xml,%3Csvg%20xmlns%3D%27http%3A%2F%2Fwww.w3.org%2F2000%2Fsvg%27%20width%3D%27567%27%20height%3D%27234%27%20viewBox%3D%270%200%20567%20234%27%3E%3Crect%20width%3D%27567%27%20height%3D%27234%27%20fill-opacity%3D%220%22%2F%3E%3C%2Fsvg%3E\" class=\"attachment-blog-medium size-blog-medium lazyload wp-post-image\" alt=\"\" data-orig-src=\"https:\/\/qmes.eu\/wp-content\/uploads\/2026\/02\/banner-2026-320x202.jpg\" \/>\t\t\t<\/a>\n\t\t\t\t\t\t\t<\/div>\n<\/li>\n\t\t\t\n\t\t\t\n\t\t\t\t\t\t\t\t\t\t\t\t\t\t\t\t\t\t\t\t\t\t\t\t\t\t\t\t\t\t\t\t\t\t\t\t\t\t\t\t\t\t\t\t\t\t\t\t\t\t\t\t\t\t\t\t\t\t\t\t\t\t\t\t\t\t\t\t<\/ul>\n\t<\/div>\n\t<div class=\"fusion-post-content post-content\"><h2 class=\"blog-shortcode-post-title entry-title\"><a href=\"https:\/\/qmes.eu\/pt-pt\/qm-environmental-international-na-tecma-2026\/\">QM Environmental International na Tecma 2026<\/a><\/h2><div class=\"fusion-post-content-container\"><p> QM Environmental International presente na Tecma 2026 de 9 [...]<\/p><\/div><\/div><div class=\"fusion-clearfix\"><\/div><div class=\"fusion-meta-info\"><div class=\"fusion-alignleft\"><span class=\"vcard\" style=\"display: none;\"><span class=\"fn\"><a href=\"https:\/\/qmes.eu\/pt-pt\/author\/rwagenveld\/\" title=\"Artigos de Robert Wagenveld\" rel=\"author\">Robert Wagenveld<\/a><\/span><\/span><span class=\"updated\" style=\"display:none;\">2026-02-23T12:10:09+02:00<\/span><span>23 Fevereiro 2026<\/span><span class=\"fusion-inline-sep\">|<\/span>Categories: <a href=\"https:\/\/qmes.eu\/pt-pt\/category\/limpeza-de-esgotos\/\" rel=\"category tag\">Limpeza de esgotos<\/a>, <a href=\"https:\/\/qmes.eu\/pt-pt\/category\/tratamento-de-aguas-residuais\/\" rel=\"category tag\">Tratamento de \u00e1guas residuais<\/a><span class=\"fusion-inline-sep\">|<\/span><span class=\"fusion-comments\"><a href=\"https:\/\/qmes.eu\/pt-pt\/qm-environmental-international-na-tecma-2026\/#respond\">0 Coment\u00e1rios<\/a><\/span><\/div><div class=\"fusion-alignright\"><a class=\"fusion-read-more\" href=\"https:\/\/qmes.eu\/pt-pt\/qm-environmental-international-na-tecma-2026\/\" aria-label=\"More on QM Environmental International na Tecma 2026\">L\u00ea mais<\/a><\/div><\/div><\/article>\n<article id=\"blog-1-post-15125\" class=\"fusion-post-medium post-15125 post type-post status-publish format-standard has-post-thumbnail hentry category-limpeza-de-esgotos\">\n\t<style type=\"text\/css\">\n\t\t\n\t\t\n\t\t\n\t\t\n\t\t\t<\/style>\n\n\n\t\t\t<div class=\"fusion-flexslider flexslider fusion-flexslider-loading fusion-post-slideshow\" style=\"\">\n\t\t<ul class=\"slides\">\n\t\t\t\n\t\t\t\t\t\t\t\t\t\t\t\t\t\t<li><div  class=\"fusion-image-wrapper fusion-image-size-fixed\" aria-haspopup=\"true\">\n\t\t\t\t\t\t\t<a href=\"https:\/\/qmes.eu\/pt-pt\/microcat-biopop-no-programa-de-noticias-da-manha-da-bbc\/\" aria-label=\"MicroCat-BioPOP no programa de not\u00edcias da manh\u00e3 da BBC\">\n\t\t\t\t\t\t\t<img decoding=\"async\" width=\"320\" height=\"202\" src=\"https:\/\/qmes.eu\/wp-content\/uploads\/2024\/10\/BioPOP-dosing-320x202.jpg\" class=\"attachment-blog-medium size-blog-medium lazyload wp-post-image\" alt=\"D\u00e9graissage des \u00e9gouts et des stations de pompage\" srcset=\"data:image\/svg+xml,%3Csvg%20xmlns%3D%27http%3A%2F%2Fwww.w3.org%2F2000%2Fsvg%27%20width%3D%272560%27%20height%3D%271707%27%20viewBox%3D%270%200%202560%201707%27%3E%3Crect%20width%3D%272560%27%20height%3D%271707%27%20fill-opacity%3D%220%22%2F%3E%3C%2Fsvg%3E\" data-orig-src=\"https:\/\/qmes.eu\/wp-content\/uploads\/2024\/10\/BioPOP-dosing-320x202.jpg\" data-srcset=\"https:\/\/qmes.eu\/wp-content\/uploads\/2024\/10\/BioPOP-dosing-320x202.jpg 320w, https:\/\/qmes.eu\/wp-content\/uploads\/2024\/10\/BioPOP-dosing-700x441.jpg 700w\" data-sizes=\"auto\" \/>\t\t\t<\/a>\n\t\t\t\t\t\t\t<\/div>\n<\/li>\n\t\t\t\n\t\t\t\n\t\t\t\t\t\t\t\t\t\t\t\t\t\t\t\t\t\t\t\t\t\t\t\t\t\t\t\t\t\t\t\t\t\t\t\t\t\t\t\t\t\t\t\t\t\t\t\t\t\t\t\t\t\t\t\t\t\t\t\t\t\t\t\t\t\t\t\t<\/ul>\n\t<\/div>\n\t<div class=\"fusion-post-content post-content\"><h2 class=\"blog-shortcode-post-title entry-title\"><a href=\"https:\/\/qmes.eu\/pt-pt\/microcat-biopop-no-programa-de-noticias-da-manha-da-bbc\/\">MicroCat-BioPOP no programa de not\u00edcias da manh\u00e3 da BBC<\/a><\/h2><div class=\"fusion-post-content-container\"><p> MicroCat-BioPOP no programa de not\u00edcias da manh\u00e3 da BBC! [...]<\/p><\/div><\/div><div class=\"fusion-clearfix\"><\/div><div class=\"fusion-meta-info\"><div class=\"fusion-alignleft\"><span class=\"vcard\" style=\"display: none;\"><span class=\"fn\"><a href=\"https:\/\/qmes.eu\/pt-pt\/author\/ingeborgschneider\/\" title=\"Artigos de Ingeborg Schneider\" rel=\"author\">Ingeborg Schneider<\/a><\/span><\/span><span class=\"updated\" style=\"display:none;\">2026-01-19T17:39:35+02:00<\/span><span>12 Novembro 2024<\/span><span class=\"fusion-inline-sep\">|<\/span>Categories: <a href=\"https:\/\/qmes.eu\/pt-pt\/category\/limpeza-de-esgotos\/\" rel=\"category tag\">Limpeza de esgotos<\/a><span class=\"fusion-inline-sep\">|<\/span><span class=\"fusion-comments\"><a href=\"https:\/\/qmes.eu\/pt-pt\/microcat-biopop-no-programa-de-noticias-da-manha-da-bbc\/#respond\">0 Coment\u00e1rios<\/a><\/span><\/div><div class=\"fusion-alignright\"><a class=\"fusion-read-more\" href=\"https:\/\/qmes.eu\/pt-pt\/microcat-biopop-no-programa-de-noticias-da-manha-da-bbc\/\" aria-label=\"More on MicroCat-BioPOP no programa de not\u00edcias da manh\u00e3 da BBC\">L\u00ea mais<\/a><\/div><\/div><\/article>\n<article id=\"blog-1-post-15130\" class=\"fusion-post-medium post-15130 post type-post status-publish format-standard has-post-thumbnail hentry category-limpeza-de-esgotos category-tratamento-de-aguas-residuais\">\n\t<style type=\"text\/css\">\n\t\t\n\t\t\n\t\t\n\t\t\n\t\t\t<\/style>\n\n\n\t\t\t<div class=\"fusion-flexslider flexslider fusion-flexslider-loading fusion-post-slideshow\" style=\"\">\n\t\t<ul class=\"slides\">\n\t\t\t\n\t\t\t\t\t\t\t\t\t\t\t\t\t\t<li><div  class=\"fusion-image-wrapper fusion-image-size-fixed\" aria-haspopup=\"true\">\n\t\t\t\t\t\t\t<a href=\"https:\/\/qmes.eu\/pt-pt\/qm-environmental-international-no-ifat-2024\/\" aria-label=\"QM Environmental International no iFAT 2024\">\n\t\t\t\t\t\t\t<img decoding=\"async\" width=\"320\" height=\"202\" src=\"https:\/\/qmes.eu\/wp-content\/uploads\/2025\/04\/QM-iFAT-320x202.jpg\" class=\"attachment-blog-medium size-blog-medium lazyload wp-post-image\" alt=\"\" srcset=\"data:image\/svg+xml,%3Csvg%20xmlns%3D%27http%3A%2F%2Fwww.w3.org%2F2000%2Fsvg%27%20width%3D%272560%27%20height%3D%271602%27%20viewBox%3D%270%200%202560%201602%27%3E%3Crect%20width%3D%272560%27%20height%3D%271602%27%20fill-opacity%3D%220%22%2F%3E%3C%2Fsvg%3E\" data-orig-src=\"https:\/\/qmes.eu\/wp-content\/uploads\/2025\/04\/QM-iFAT-320x202.jpg\" data-srcset=\"https:\/\/qmes.eu\/wp-content\/uploads\/2025\/04\/QM-iFAT-200x125.jpg 200w, https:\/\/qmes.eu\/wp-content\/uploads\/2025\/04\/QM-iFAT-300x188.jpg 300w, https:\/\/qmes.eu\/wp-content\/uploads\/2025\/04\/QM-iFAT-320x202.jpg 320w, https:\/\/qmes.eu\/wp-content\/uploads\/2025\/04\/QM-iFAT-700x441.jpg 700w\" data-sizes=\"auto\" \/>\t\t\t<\/a>\n\t\t\t\t\t\t\t<\/div>\n<\/li>\n\t\t\t\n\t\t\t\n\t\t\t\t\t\t\t\t\t\t\t\t\t\t\t\t\t\t\t\t\t\t\t\t\t\t\t\t\t\t\t\t\t\t\t\t\t\t\t\t\t\t\t\t\t\t\t\t\t\t\t\t\t\t\t\t\t\t\t\t\t\t\t\t\t\t\t\t<\/ul>\n\t<\/div>\n\t<div class=\"fusion-post-content post-content\"><h2 class=\"blog-shortcode-post-title entry-title\"><a href=\"https:\/\/qmes.eu\/pt-pt\/qm-environmental-international-no-ifat-2024\/\">QM Environmental International no iFAT 2024<\/a><\/h2><div class=\"fusion-post-content-container\"><p> A QM Environmental International apresenta a inovadora tecnologia QM-SBP [...]<\/p><\/div><\/div><div class=\"fusion-clearfix\"><\/div><div class=\"fusion-meta-info\"><div class=\"fusion-alignleft\"><span class=\"vcard\" style=\"display: none;\"><span class=\"fn\"><a href=\"https:\/\/qmes.eu\/pt-pt\/author\/rwagenveld\/\" title=\"Artigos de Robert Wagenveld\" rel=\"author\">Robert Wagenveld<\/a><\/span><\/span><span class=\"updated\" style=\"display:none;\">2025-11-24T15:51:13+02:00<\/span><span>21 Maio 2024<\/span><span class=\"fusion-inline-sep\">|<\/span>Categories: <a href=\"https:\/\/qmes.eu\/pt-pt\/category\/limpeza-de-esgotos\/\" rel=\"category tag\">Limpeza de esgotos<\/a>, <a href=\"https:\/\/qmes.eu\/pt-pt\/category\/tratamento-de-aguas-residuais\/\" rel=\"category tag\">Tratamento de \u00e1guas residuais<\/a><span class=\"fusion-inline-sep\">|<\/span><span class=\"fusion-comments\"><a href=\"https:\/\/qmes.eu\/pt-pt\/qm-environmental-international-no-ifat-2024\/#respond\">0 Coment\u00e1rios<\/a><\/span><\/div><div class=\"fusion-alignright\"><a class=\"fusion-read-more\" href=\"https:\/\/qmes.eu\/pt-pt\/qm-environmental-international-no-ifat-2024\/\" aria-label=\"More on QM Environmental International no iFAT 2024\">L\u00ea mais<\/a><\/div><\/div><\/article>\n<\/div><\/div><\/div><\/div><\/div><\/div>\n","protected":false},"excerpt":{"rendered":"","protected":false},"author":4,"featured_media":17136,"parent":0,"menu_order":0,"comment_status":"closed","ping_status":"closed","template":"100-width.php","meta":{"_acf_changed":false,"footnotes":""},"class_list":["post-17134","page","type-page","status-publish","has-post-thumbnail","hentry"],"acf":[],"yoast_head":"<!-- This site is optimized with the Yoast SEO Premium plugin v23.5 (Yoast SEO v27.3) - https:\/\/yoast.com\/product\/yoast-seo-premium-wordpress\/ -->\n<title>Not\u00edcias - QM Environmental International<\/title>\n<meta name=\"description\" content=\"Leia as nossas not\u00edcias sobre a QM e os seus produtos e como podem ajudar a resolver problemas ambientais!\" \/>\n<meta name=\"robots\" content=\"index, follow, max-snippet:-1, max-image-preview:large, max-video-preview:-1\" \/>\n<link rel=\"canonical\" href=\"https:\/\/qmes.eu\/pt-pt\/noticias\/\" \/>\n<meta property=\"og:locale\" content=\"pt_PT\" \/>\n<meta property=\"og:type\" content=\"article\" \/>\n<meta property=\"og:title\" content=\"Not\u00edcias\" \/>\n<meta property=\"og:description\" content=\"Leia as nossas not\u00edcias sobre a QM e os seus produtos e como podem ajudar a resolver problemas ambientais!\" \/>\n<meta property=\"og:url\" content=\"https:\/\/qmes.eu\/pt-pt\/noticias\/\" \/>\n<meta property=\"og:site_name\" content=\"QM Environmental International\" \/>\n<meta property=\"article:publisher\" content=\"https:\/\/www.facebook.com\/profile.php?id=100089514366245\" \/>\n<meta property=\"article:modified_time\" content=\"2026-02-13T15:38:36+00:00\" \/>\n<meta property=\"og:image\" content=\"https:\/\/qmes.eu\/wp-content\/uploads\/2026\/02\/ZKLKVRLQRRGCJLSH7GJFO3TF2A.jpg\" \/>\n\t<meta property=\"og:image:width\" content=\"1200\" \/>\n\t<meta property=\"og:image:height\" content=\"750\" \/>\n\t<meta property=\"og:image:type\" content=\"image\/jpeg\" \/>\n<meta name=\"twitter:card\" content=\"summary_large_image\" \/>\n<meta name=\"twitter:description\" content=\"Leia as nossas not\u00edcias sobre a QM e os seus produtos e como podem ajudar a resolver problemas ambientais!\" \/>\n<meta name=\"twitter:site\" content=\"@MicroAktiv\" \/>\n<meta name=\"twitter:label1\" content=\"Tempo estimado de leitura\" \/>\n\t<meta name=\"twitter:data1\" content=\"2 minutos\" \/>\n<script type=\"application\/ld+json\" class=\"yoast-schema-graph\">{\"@context\":\"https:\\\/\\\/schema.org\",\"@graph\":[{\"@type\":\"WebPage\",\"@id\":\"https:\\\/\\\/qmes.eu\\\/pt-pt\\\/noticias\\\/\",\"url\":\"https:\\\/\\\/qmes.eu\\\/pt-pt\\\/noticias\\\/\",\"name\":\"Not\u00edcias - QM Environmental International\",\"isPartOf\":{\"@id\":\"https:\\\/\\\/qmes.eu\\\/pt-pt\\\/#website\"},\"primaryImageOfPage\":{\"@id\":\"https:\\\/\\\/qmes.eu\\\/pt-pt\\\/noticias\\\/#primaryimage\"},\"image\":{\"@id\":\"https:\\\/\\\/qmes.eu\\\/pt-pt\\\/noticias\\\/#primaryimage\"},\"thumbnailUrl\":\"https:\\\/\\\/qmes.eu\\\/wp-content\\\/uploads\\\/2026\\\/02\\\/ZKLKVRLQRRGCJLSH7GJFO3TF2A.jpg\",\"datePublished\":\"2024-05-21T09:03:51+00:00\",\"dateModified\":\"2026-02-13T15:38:36+00:00\",\"description\":\"Leia as nossas not\u00edcias sobre a QM e os seus produtos e como podem ajudar a resolver problemas ambientais!\",\"breadcrumb\":{\"@id\":\"https:\\\/\\\/qmes.eu\\\/pt-pt\\\/noticias\\\/#breadcrumb\"},\"inLanguage\":\"pt-PT\",\"potentialAction\":[{\"@type\":\"ReadAction\",\"target\":[\"https:\\\/\\\/qmes.eu\\\/pt-pt\\\/noticias\\\/\"]}]},{\"@type\":\"ImageObject\",\"inLanguage\":\"pt-PT\",\"@id\":\"https:\\\/\\\/qmes.eu\\\/pt-pt\\\/noticias\\\/#primaryimage\",\"url\":\"https:\\\/\\\/qmes.eu\\\/wp-content\\\/uploads\\\/2026\\\/02\\\/ZKLKVRLQRRGCJLSH7GJFO3TF2A.jpg\",\"contentUrl\":\"https:\\\/\\\/qmes.eu\\\/wp-content\\\/uploads\\\/2026\\\/02\\\/ZKLKVRLQRRGCJLSH7GJFO3TF2A.jpg\",\"width\":1200,\"height\":750},{\"@type\":\"BreadcrumbList\",\"@id\":\"https:\\\/\\\/qmes.eu\\\/pt-pt\\\/noticias\\\/#breadcrumb\",\"itemListElement\":[{\"@type\":\"ListItem\",\"position\":1,\"name\":\"Casa\",\"item\":\"https:\\\/\\\/qmes.eu\\\/pt-pt\\\/\"},{\"@type\":\"ListItem\",\"position\":2,\"name\":\"Not\u00edcias\"}]},{\"@type\":\"WebSite\",\"@id\":\"https:\\\/\\\/qmes.eu\\\/pt-pt\\\/#website\",\"url\":\"https:\\\/\\\/qmes.eu\\\/pt-pt\\\/\",\"name\":\"QM Environmental International\",\"description\":\"Products you can trust, Experience you can rely on!\",\"publisher\":{\"@id\":\"https:\\\/\\\/qmes.eu\\\/pt-pt\\\/#organization\"},\"potentialAction\":[{\"@type\":\"SearchAction\",\"target\":{\"@type\":\"EntryPoint\",\"urlTemplate\":\"https:\\\/\\\/qmes.eu\\\/pt-pt\\\/?s={search_term_string}\"},\"query-input\":{\"@type\":\"PropertyValueSpecification\",\"valueRequired\":true,\"valueName\":\"search_term_string\"}}],\"inLanguage\":\"pt-PT\"},{\"@type\":\"Organization\",\"@id\":\"https:\\\/\\\/qmes.eu\\\/pt-pt\\\/#organization\",\"name\":\"QM Environmental International BV\",\"alternateName\":\"QM\",\"url\":\"https:\\\/\\\/qmes.eu\\\/pt-pt\\\/\",\"logo\":{\"@type\":\"ImageObject\",\"inLanguage\":\"pt-PT\",\"@id\":\"https:\\\/\\\/qmes.eu\\\/pt-pt\\\/#\\\/schema\\\/logo\\\/image\\\/\",\"url\":\"https:\\\/\\\/qmes.eu\\\/wp-content\\\/uploads\\\/2024\\\/10\\\/QM_logo-2.png\",\"contentUrl\":\"https:\\\/\\\/qmes.eu\\\/wp-content\\\/uploads\\\/2024\\\/10\\\/QM_logo-2.png\",\"width\":512,\"height\":512,\"caption\":\"QM Environmental International BV\"},\"image\":{\"@id\":\"https:\\\/\\\/qmes.eu\\\/pt-pt\\\/#\\\/schema\\\/logo\\\/image\\\/\"},\"sameAs\":[\"https:\\\/\\\/www.facebook.com\\\/profile.php?id=100089514366245\",\"https:\\\/\\\/x.com\\\/MicroAktiv\",\"https:\\\/\\\/www.linkedin.com\\\/showcase\\\/microaktiv\\\/\"],\"description\":\"QM is a supplier of biotechnological solutions for environmental applications like wastewater treatment, soil and groundwater remediation, sewer network maintenance, odor control, algae control in lakes and ponds, for agricultural applications like livestock farming, greenhouse and aerable farming and aquaculture.\",\"email\":\"info@qmes.nl\",\"telephone\":\"+31 858768862\",\"legalName\":\"QM Environmental International B.V.\",\"foundingDate\":\"2005-01-05\",\"vatID\":\"NL858425877B01\",\"numberOfEmployees\":{\"@type\":\"QuantitativeValue\",\"minValue\":\"1\",\"maxValue\":\"10\"}}]}<\/script>\n<!-- \/ Yoast SEO Premium plugin. -->","yoast_head_json":{"title":"Not\u00edcias - QM Environmental International","description":"Leia as nossas not\u00edcias sobre a QM e os seus produtos e como podem ajudar a resolver problemas ambientais!","robots":{"index":"index","follow":"follow","max-snippet":"max-snippet:-1","max-image-preview":"max-image-preview:large","max-video-preview":"max-video-preview:-1"},"canonical":"https:\/\/qmes.eu\/pt-pt\/noticias\/","og_locale":"pt_PT","og_type":"article","og_title":"Not\u00edcias","og_description":"Leia as nossas not\u00edcias sobre a QM e os seus produtos e como podem ajudar a resolver problemas ambientais!","og_url":"https:\/\/qmes.eu\/pt-pt\/noticias\/","og_site_name":"QM Environmental International","article_publisher":"https:\/\/www.facebook.com\/profile.php?id=100089514366245","article_modified_time":"2026-02-13T15:38:36+00:00","og_image":[{"width":1200,"height":750,"url":"https:\/\/qmes.eu\/wp-content\/uploads\/2026\/02\/ZKLKVRLQRRGCJLSH7GJFO3TF2A.jpg","type":"image\/jpeg"}],"twitter_card":"summary_large_image","twitter_description":"Leia as nossas not\u00edcias sobre a QM e os seus produtos e como podem ajudar a resolver problemas ambientais!","twitter_site":"@MicroAktiv","twitter_misc":{"Tempo estimado de leitura":"2 minutos"},"schema":{"@context":"https:\/\/schema.org","@graph":[{"@type":"WebPage","@id":"https:\/\/qmes.eu\/pt-pt\/noticias\/","url":"https:\/\/qmes.eu\/pt-pt\/noticias\/","name":"Not\u00edcias - QM Environmental International","isPartOf":{"@id":"https:\/\/qmes.eu\/pt-pt\/#website"},"primaryImageOfPage":{"@id":"https:\/\/qmes.eu\/pt-pt\/noticias\/#primaryimage"},"image":{"@id":"https:\/\/qmes.eu\/pt-pt\/noticias\/#primaryimage"},"thumbnailUrl":"https:\/\/qmes.eu\/wp-content\/uploads\/2026\/02\/ZKLKVRLQRRGCJLSH7GJFO3TF2A.jpg","datePublished":"2024-05-21T09:03:51+00:00","dateModified":"2026-02-13T15:38:36+00:00","description":"Leia as nossas not\u00edcias sobre a QM e os seus produtos e como podem ajudar a resolver problemas ambientais!","breadcrumb":{"@id":"https:\/\/qmes.eu\/pt-pt\/noticias\/#breadcrumb"},"inLanguage":"pt-PT","potentialAction":[{"@type":"ReadAction","target":["https:\/\/qmes.eu\/pt-pt\/noticias\/"]}]},{"@type":"ImageObject","inLanguage":"pt-PT","@id":"https:\/\/qmes.eu\/pt-pt\/noticias\/#primaryimage","url":"https:\/\/qmes.eu\/wp-content\/uploads\/2026\/02\/ZKLKVRLQRRGCJLSH7GJFO3TF2A.jpg","contentUrl":"https:\/\/qmes.eu\/wp-content\/uploads\/2026\/02\/ZKLKVRLQRRGCJLSH7GJFO3TF2A.jpg","width":1200,"height":750},{"@type":"BreadcrumbList","@id":"https:\/\/qmes.eu\/pt-pt\/noticias\/#breadcrumb","itemListElement":[{"@type":"ListItem","position":1,"name":"Casa","item":"https:\/\/qmes.eu\/pt-pt\/"},{"@type":"ListItem","position":2,"name":"Not\u00edcias"}]},{"@type":"WebSite","@id":"https:\/\/qmes.eu\/pt-pt\/#website","url":"https:\/\/qmes.eu\/pt-pt\/","name":"QM Environmental International","description":"Products you can trust, Experience you can rely on!","publisher":{"@id":"https:\/\/qmes.eu\/pt-pt\/#organization"},"potentialAction":[{"@type":"SearchAction","target":{"@type":"EntryPoint","urlTemplate":"https:\/\/qmes.eu\/pt-pt\/?s={search_term_string}"},"query-input":{"@type":"PropertyValueSpecification","valueRequired":true,"valueName":"search_term_string"}}],"inLanguage":"pt-PT"},{"@type":"Organization","@id":"https:\/\/qmes.eu\/pt-pt\/#organization","name":"QM Environmental International BV","alternateName":"QM","url":"https:\/\/qmes.eu\/pt-pt\/","logo":{"@type":"ImageObject","inLanguage":"pt-PT","@id":"https:\/\/qmes.eu\/pt-pt\/#\/schema\/logo\/image\/","url":"https:\/\/qmes.eu\/wp-content\/uploads\/2024\/10\/QM_logo-2.png","contentUrl":"https:\/\/qmes.eu\/wp-content\/uploads\/2024\/10\/QM_logo-2.png","width":512,"height":512,"caption":"QM Environmental International BV"},"image":{"@id":"https:\/\/qmes.eu\/pt-pt\/#\/schema\/logo\/image\/"},"sameAs":["https:\/\/www.facebook.com\/profile.php?id=100089514366245","https:\/\/x.com\/MicroAktiv","https:\/\/www.linkedin.com\/showcase\/microaktiv\/"],"description":"QM is a supplier of biotechnological solutions for environmental applications like wastewater treatment, soil and groundwater remediation, sewer network maintenance, odor control, algae control in lakes and ponds, for agricultural applications like livestock farming, greenhouse and aerable farming and aquaculture.","email":"info@qmes.nl","telephone":"+31 858768862","legalName":"QM Environmental International B.V.","foundingDate":"2005-01-05","vatID":"NL858425877B01","numberOfEmployees":{"@type":"QuantitativeValue","minValue":"1","maxValue":"10"}}]}},"_links":{"self":[{"href":"https:\/\/qmes.eu\/pt-pt\/wp-json\/wp\/v2\/pages\/17134","targetHints":{"allow":["GET"]}}],"collection":[{"href":"https:\/\/qmes.eu\/pt-pt\/wp-json\/wp\/v2\/pages"}],"about":[{"href":"https:\/\/qmes.eu\/pt-pt\/wp-json\/wp\/v2\/types\/page"}],"author":[{"embeddable":true,"href":"https:\/\/qmes.eu\/pt-pt\/wp-json\/wp\/v2\/users\/4"}],"replies":[{"embeddable":true,"href":"https:\/\/qmes.eu\/pt-pt\/wp-json\/wp\/v2\/comments?post=17134"}],"version-history":[{"count":2,"href":"https:\/\/qmes.eu\/pt-pt\/wp-json\/wp\/v2\/pages\/17134\/revisions"}],"predecessor-version":[{"id":17145,"href":"https:\/\/qmes.eu\/pt-pt\/wp-json\/wp\/v2\/pages\/17134\/revisions\/17145"}],"wp:featuredmedia":[{"embeddable":true,"href":"https:\/\/qmes.eu\/pt-pt\/wp-json\/wp\/v2\/media\/17136"}],"wp:attachment":[{"href":"https:\/\/qmes.eu\/pt-pt\/wp-json\/wp\/v2\/media?parent=17134"}],"curies":[{"name":"wp","href":"https:\/\/api.w.org\/{rel}","templated":true}]}}